{"id":68,"date":"2023-12-01T16:08:00","date_gmt":"2023-12-01T16:08:00","guid":{"rendered":"https:\/\/zyenmed.com\/index.php\/anna-page-site-settings\/"},"modified":"2024-01-02T17:47:49","modified_gmt":"2024-01-02T17:47:49","slug":"anna-page-site-settings","status":"publish","type":"page","link":"https:\/\/zyenmed.com\/","title":{"rendered":"ANNA: Page + Site Settings"},"content":{"rendered":"<p><a href=\"#scroll-down\"><\/p>\n<p><\/a><\/p>\n<p>We Are<br \/>\nzyenmed<br \/>\nElevating Care, Inspiring Innovation, Closing the Gap.&#8221;<\/p>\n<p><a href=\"#about\">About As<\/a><a href=\"#work\">Our Work<\/a><\/p>\n<p>Our Work<br \/>\nSome Recent Projects<\/p>\n<p><img loading=\"lazy\" decoding=\"async\" width=\"200\" height=\"200\" src=\"https:\/\/zyenmed.com\/wp-content\/uploads\/2023\/12\/WhatsApp-Image-2023-12-20-at-9.22.13-PM.jpeg\" \/><\/p>\n<p><a href=\"https:\/\/zyenmed.com\/wp-content\/uploads\/2023\/12\/WhatsApp-Image-2023-12-20-at-9.22.13-PM.jpeg\"><\/a><br \/>\n\t\t\t\t\t<a href=\"https:\/\/zyenmed.com\/index.php\/portfolio\/disonmed\/\"><\/a><\/p>\n<p><a href=\"https:\/\/zyenmed.com\/index.php\/portfolio\/disonmed\/\">DISONMED<\/a><\/p>\n<p><img loading=\"lazy\" decoding=\"async\" width=\"300\" height=\"167\" src=\"https:\/\/zyenmed.com\/wp-content\/uploads\/2023\/12\/WhatsApp-Image-2023-12-20-at-8.31.11-PM-300x167.jpeg\" \/><\/p>\n<p><a href=\"https:\/\/zyenmed.com\/wp-content\/uploads\/2023\/12\/WhatsApp-Image-2023-12-20-at-8.31.11-PM.jpeg\"><\/a><br \/>\n\t\t\t\t\t<a href=\"https:\/\/zyenmed.com\/index.php\/portfolio\/mindray\/\"><\/a><\/p>\n<p><a href=\"https:\/\/zyenmed.com\/index.php\/portfolio\/mindray\/\">Mindray<\/a><\/p>\n<p><img loading=\"lazy\" decoding=\"async\" width=\"296\" height=\"203\" src=\"https:\/\/zyenmed.com\/wp-content\/uploads\/2023\/12\/WhatsApp-Image-2023-12-20-at-8.56.59-PM.jpeg\" \/><\/p>\n<p><a href=\"https:\/\/zyenmed.com\/wp-content\/uploads\/2023\/12\/WhatsApp-Image-2023-12-20-at-8.56.59-PM.jpeg\"><\/a><br \/>\n\t\t\t\t\t<a href=\"https:\/\/zyenmed.com\/index.php\/portfolio\/new\/\"><\/a><\/p>\n<p><a href=\"https:\/\/zyenmed.com\/index.php\/portfolio\/new\/\">GEISTER<\/a><\/p>\n<p>About<\/p>\n<p>We Create Awesome Stuff<br \/>\nWe enable hospitals to foster collaborative thinking to support greater patient care and drive innovation in the workplace. We help hospitals grow their patient care with cutting-edge products by closing the gap and providing wholesale medical supplies<\/p>\n<p>Collaboration for BetterCare<br \/>\nFoster collaborative thinking in hospitals to enhance patient care. Our services create an environment where healthcare professionals work seamlessly, optimizing operations for improved patient outcomes.<\/p>\n<p>Innovate withCutting-Edge Products<br \/>\nDrive workplace innovation in healthcare with our state-of-the-art products. We offer cutting-edge solutions that revolutionize hospital operations, ensuring adaptability to the evolving healthcare landscape.<\/p>\n<p>Wholesale Supplies for Seamless Care<br \/>\nClose the supply gap in hospitals by providing wholesale medical supplies. We ensure a steady flow of essential resources, allowing healthcare facilities to focus on delivering exceptional patient care without disruptions.<\/p>\n<p>Services<\/p>\n<p>We Are Here For You<\/p>\n<p>Unique<br \/>\nWe are distinguished by our many points of sale and international relations with international companies and brands through the long work history of our company managers. We have distinguished logistical services through 12 agents around the world for sea and air transportation.<\/p>\n<p>Tested<br \/>\nWe conduct tests with local hospitals in the area and submit periodic reports. We analyze the information and cross-reference it together to reach sustainable solutions for supplying and developing medical departments to advance medical work in the region.<\/p>\n<p>First to market<br \/>\nThe first company in the region in terms of specializations and an easy-to-use style with clear pricing for items \u200b<br \/>\nAuthentic<br \/>\nBy integrating the expertise of the four companies in various medical fields, we have developed a new methodology to help medical experts in this field find solutions to the problems they face. This methodology is based on the foundations of monitoring the global development of medical equipment while preserving the principles of medical humanitarian work<\/p>\n<p>Contact<\/p>\n<p>Keep In Touch<\/p>\n<p>Company name ZYENMED MED\u0130KAL \u00dcR\u00dcNLER\u0130 SANAY\u0130 VE DIS T\u0130CARET L\u0130M\u0130TED \u015e\u0130RKT\u0130<\/p>\n<p>Tel.: +90 212 220 99 09<\/p>\n<p>GSM- What&#8217;s up +90 537 832 31 22<\/p>\n<p>H.RIFATPA\u015eA MAH. Perpa Ticaret Merkezi A Blok Kat 10 No 1505- Sisli- Istanbul Turkey.<\/p>\n<p><a href=\"mailto:info@zyenmed.com\">info@zyenmed.com<\/a><\/p>\n<p><a href=\"https:\/\/www.facebook.com\" target=\"_blank\" rel=\"noopener\"><\/a> <a href=\"https:\/\/twitter.com\/\"><\/a> <a href=\"https:\/\/soundcloud.com\/\" target=\"_blank\" rel=\"noopener\"><\/a><\/p>\n","protected":false},"excerpt":{"rendered":"<p class=\"excerpt\">We Are zyenmed Elevating Care, Inspiring Innovation, Closing the Gap.&#8221; About AsOur Work Our Work Some Recent Projects DISONMED Mindray GEISTER About We Create Awesome Stuff We enable hospitals to foster collaborative thinking to support greater patient care and drive innovation in the workplace. We help hospitals grow their patient care with cutting-edge products by [&hellip;]<\/p>\n","protected":false},"author":1,"featured_media":0,"parent":0,"menu_order":0,"comment_status":"closed","ping_status":"closed","template":"builder.php","meta":{"footnotes":""},"_links":{"self":[{"href":"https:\/\/zyenmed.com\/index.php\/wp-json\/wp\/v2\/pages\/68"}],"collection":[{"href":"https:\/\/zyenmed.com\/index.php\/wp-json\/wp\/v2\/pages"}],"about":[{"href":"https:\/\/zyenmed.com\/index.php\/wp-json\/wp\/v2\/types\/page"}],"author":[{"embeddable":true,"href":"https:\/\/zyenmed.com\/index.php\/wp-json\/wp\/v2\/users\/1"}],"replies":[{"embeddable":true,"href":"https:\/\/zyenmed.com\/index.php\/wp-json\/wp\/v2\/comments?post=68"}],"version-history":[{"count":27,"href":"https:\/\/zyenmed.com\/index.php\/wp-json\/wp\/v2\/pages\/68\/revisions"}],"predecessor-version":[{"id":184,"href":"https:\/\/zyenmed.com\/index.php\/wp-json\/wp\/v2\/pages\/68\/revisions\/184"}],"wp:attachment":[{"href":"https:\/\/zyenmed.com\/index.php\/wp-json\/wp\/v2\/media?parent=68"}],"curies":[{"name":"wp","href":"https:\/\/api.w.org\/{rel}","templated":true}]}}